{"id":408,"date":"2024-05-29T20:16:59","date_gmt":"2024-05-29T23:16:59","guid":{"rendered":"http:\/\/terapiadaaprendizagemcriativa.org\/intervencoes-terapeuticas\/"},"modified":"2024-10-10T00:13:58","modified_gmt":"2024-10-10T03:13:58","slug":"intervencoes-terapeuticas","status":"publish","type":"page","link":"https:\/\/terapiadaaprendizagemcriativa.org\/?page_id=408","title":{"rendered":"Interven\u00e7\u00f5es terap\u00eauticas"},"content":{"rendered":"\n<p class=\"wp-block-paragraph\">Dia 28 \u00e9 o Dia do Brincar!<\/p>\n\n\n\n<p class=\"wp-block-paragraph\">E n\u00e3o podia ser diferente&#8230; Ent\u00e3o, comemoramos com os integrantes da RBAC. Olha que lindas atividades utilizadas em sala de aula, mas que podem ser utilizadas como interven\u00e7\u00f5es terap\u00eauticas na escola ou na cl\u00ednica terap\u00eautica. Essas atividades foram criadas pelas professoras Soraya Lacerda e Daniela Lyra &#8211; Educadoras do Thomas Maker [@thomasmaker_edu]\u00a0e membros da RBAC&#8230; Uma inspira\u00e7\u00e3o para voltar a programar com mais frequ\u00eancia.. \\\u25cb\/<\/p>\n\n\n\n<p class=\"wp-block-paragraph\">Gratid\u00e3o aos membros..<\/p>\n\n\n\n<figure class=\"wp-block-video\"><div class=\"wp-block-embed__wrapper\">\n<iframe title=\"VideoPress Video Player\" aria-label='VideoPress Video Player' width='419' height='750' src='https:\/\/videopress.com\/embed\/iStIBUuT?cover=1&amp;preloadContent=metadata&amp;useAverageColor=1&amp;hd=0' frameborder='0' allowfullscreen data-resize-to-parent=\"true\" allow='clipboard-write'><\/iframe><script src='https:\/\/v0.wordpress.com\/js\/next\/videopress-iframe.js?m=1725245713'><\/script>\n<\/div><figcaption>Interven\u00e7\u00e3o criada pela<br>Soraya Lacerda e Daniela Lyra &#8211; Educadoras do Thomas Maker [@thomasmaker_edu]<br><br>Trabalhando emo\u00e7\u00f5es com aprendizagem criativa! Amei! \\\u25cb\/ Eu gostei muito da atividade e estou postando como esse exemplo pode ser utilizado na Psicologia Escolar ou Psicopedagogia..<\/figcaption><\/figure>\n\n\n\n<figure class=\"wp-block-image size-large\"><img data-recalc-dims=\"1\" fetchpriority=\"high\" decoding=\"async\" width=\"2000\" height=\"1500\" data-attachment-id=\"403\" data-permalink=\"https:\/\/terapiadaaprendizagemcriativa.org\/?attachment_id=403\" data-orig-file=\"https:\/\/i0.wp.com\/terapiadaaprendizagemcriativa.org\/wp-content\/uploads\/2024\/05\/20240528_195241349525859225899460.jpg?fit=2000%2C1500&amp;ssl=1\" data-orig-size=\"2000,1500\" data-comments-opened=\"1\" data-image-meta=\"{&quot;aperture&quot;:&quot;0&quot;,&quot;credit&quot;:&quot;&quot;,&quot;camera&quot;:&quot;&quot;,&quot;caption&quot;:&quot;&quot;,&quot;created_timestamp&quot;:&quot;0&quot;,&quot;copyright&quot;:&quot;&quot;,&quot;focal_length&quot;:&quot;0&quot;,&quot;iso&quot;:&quot;0&quot;,&quot;shutter_speed&quot;:&quot;0&quot;,&quot;title&quot;:&quot;&quot;,&quot;orientation&quot;:&quot;0&quot;}\" data-image-title=\"20240528_195241349525859225899460\" data-image-description=\"\" data-image-caption=\"\" data-large-file=\"https:\/\/i0.wp.com\/terapiadaaprendizagemcriativa.org\/wp-content\/uploads\/2024\/05\/20240528_195241349525859225899460.jpg?fit=1024%2C768&amp;ssl=1\" src=\"https:\/\/i0.wp.com\/terapiadaaprendizagemcriativa.org\/wp-content\/uploads\/2024\/05\/20240528_195241349525859225899460.jpg?resize=2000%2C1500&#038;ssl=1\" alt=\"\" class=\"wp-image-403\" \/><\/figure>\n\n\n\n<figure class=\"wp-block-image size-large\"><img data-recalc-dims=\"1\" decoding=\"async\" width=\"1444\" height=\"1129\" data-attachment-id=\"412\" data-permalink=\"https:\/\/terapiadaaprendizagemcriativa.org\/?attachment_id=412\" data-orig-file=\"https:\/\/i0.wp.com\/terapiadaaprendizagemcriativa.org\/wp-content\/uploads\/2024\/05\/image_editor_output_image-1522548159-17170367130233741055106405844134.jpg?fit=1444%2C1129&amp;ssl=1\" data-orig-size=\"1444,1129\" data-comments-opened=\"1\" data-image-meta=\"{&quot;aperture&quot;:&quot;0&quot;,&quot;credit&quot;:&quot;&quot;,&quot;camera&quot;:&quot;&quot;,&quot;caption&quot;:&quot;&quot;,&quot;created_timestamp&quot;:&quot;0&quot;,&quot;copyright&quot;:&quot;&quot;,&quot;focal_length&quot;:&quot;0&quot;,&quot;iso&quot;:&quot;0&quot;,&quot;shutter_speed&quot;:&quot;0&quot;,&quot;title&quot;:&quot;&quot;,&quot;orientation&quot;:&quot;0&quot;}\" data-image-title=\"image_editor_output_image-1522548159-17170367130233741055106405844134\" data-image-description=\"\" data-image-caption=\"\" data-large-file=\"https:\/\/i0.wp.com\/terapiadaaprendizagemcriativa.org\/wp-content\/uploads\/2024\/05\/image_editor_output_image-1522548159-17170367130233741055106405844134.jpg?fit=1024%2C801&amp;ssl=1\" src=\"https:\/\/i0.wp.com\/terapiadaaprendizagemcriativa.org\/wp-content\/uploads\/2024\/05\/image_editor_output_image-1522548159-17170367130233741055106405844134.jpg?resize=1444%2C1129&#038;ssl=1\" alt=\"\" class=\"wp-image-412\" \/><\/figure>\n\n\n\n<figure class=\"wp-block-image\"><img data-recalc-dims=\"1\" decoding=\"async\" width=\"1530\" height=\"2040\" data-attachment-id=\"405\" data-permalink=\"https:\/\/terapiadaaprendizagemcriativa.org\/?attachment_id=405\" data-orig-file=\"https:\/\/i0.wp.com\/terapiadaaprendizagemcriativa.org\/wp-content\/uploads\/2024\/05\/20240528_2001474340875634594531050.jpg?fit=1530%2C2040&amp;ssl=1\" data-orig-size=\"1530,2040\" data-comments-opened=\"1\" data-image-meta=\"{&quot;aperture&quot;:&quot;0&quot;,&quot;credit&quot;:&quot;&quot;,&quot;camera&quot;:&quot;&quot;,&quot;caption&quot;:&quot;&quot;,&quot;created_timestamp&quot;:&quot;0&quot;,&quot;copyright&quot;:&quot;&quot;,&quot;focal_length&quot;:&quot;0&quot;,&quot;iso&quot;:&quot;0&quot;,&quot;shutter_speed&quot;:&quot;0&quot;,&quot;title&quot;:&quot;&quot;,&quot;orientation&quot;:&quot;0&quot;}\" data-image-title=\"20240528_2001474340875634594531050\" data-image-description=\"\" data-image-caption=\"\" data-large-file=\"https:\/\/i0.wp.com\/terapiadaaprendizagemcriativa.org\/wp-content\/uploads\/2024\/05\/20240528_2001474340875634594531050.jpg?fit=768%2C1024&amp;ssl=1\" src=\"https:\/\/i0.wp.com\/terapiadaaprendizagemcriativa.org\/wp-content\/uploads\/2024\/05\/20240528_2001474340875634594531050.jpg?resize=1530%2C2040&#038;ssl=1\" alt=\"\" class=\"wp-image-405\" \/><\/figure>\n\n\n\n<figure class=\"wp-block-image\"><img data-recalc-dims=\"1\" loading=\"lazy\" decoding=\"async\" width=\"1530\" height=\"2040\" data-attachment-id=\"404\" data-permalink=\"https:\/\/terapiadaaprendizagemcriativa.org\/?attachment_id=404\" data-orig-file=\"https:\/\/i0.wp.com\/terapiadaaprendizagemcriativa.org\/wp-content\/uploads\/2024\/05\/20240528_1921554324450230043071879.jpg?fit=1530%2C2040&amp;ssl=1\" data-orig-size=\"1530,2040\" data-comments-opened=\"1\" data-image-meta=\"{&quot;aperture&quot;:&quot;0&quot;,&quot;credit&quot;:&quot;&quot;,&quot;camera&quot;:&quot;&quot;,&quot;caption&quot;:&quot;&quot;,&quot;created_timestamp&quot;:&quot;0&quot;,&quot;copyright&quot;:&quot;&quot;,&quot;focal_length&quot;:&quot;0&quot;,&quot;iso&quot;:&quot;0&quot;,&quot;shutter_speed&quot;:&quot;0&quot;,&quot;title&quot;:&quot;&quot;,&quot;orientation&quot;:&quot;0&quot;}\" data-image-title=\"20240528_1921554324450230043071879\" data-image-description=\"\" data-image-caption=\"\" data-large-file=\"https:\/\/i0.wp.com\/terapiadaaprendizagemcriativa.org\/wp-content\/uploads\/2024\/05\/20240528_1921554324450230043071879.jpg?fit=768%2C1024&amp;ssl=1\" src=\"https:\/\/i0.wp.com\/terapiadaaprendizagemcriativa.org\/wp-content\/uploads\/2024\/05\/20240528_1921554324450230043071879.jpg?resize=1530%2C2040&#038;ssl=1\" alt=\"\" class=\"wp-image-404\" \/><\/figure>\n\n\n\n<figure class=\"wp-block-image size-large\"><img data-recalc-dims=\"1\" loading=\"lazy\" decoding=\"async\" width=\"1349\" height=\"949\" data-attachment-id=\"413\" data-permalink=\"https:\/\/terapiadaaprendizagemcriativa.org\/?attachment_id=413\" data-orig-file=\"https:\/\/i0.wp.com\/terapiadaaprendizagemcriativa.org\/wp-content\/uploads\/2024\/05\/image_editor_output_image-468105018-17170367402612240613514560521207.jpg?fit=1349%2C949&amp;ssl=1\" data-orig-size=\"1349,949\" data-comments-opened=\"1\" data-image-meta=\"{&quot;aperture&quot;:&quot;0&quot;,&quot;credit&quot;:&quot;&quot;,&quot;camera&quot;:&quot;&quot;,&quot;caption&quot;:&quot;&quot;,&quot;created_timestamp&quot;:&quot;0&quot;,&quot;copyright&quot;:&quot;&quot;,&quot;focal_length&quot;:&quot;0&quot;,&quot;iso&quot;:&quot;0&quot;,&quot;shutter_speed&quot;:&quot;0&quot;,&quot;title&quot;:&quot;&quot;,&quot;orientation&quot;:&quot;0&quot;}\" data-image-title=\"image_editor_output_image-468105018-17170367402612240613514560521207\" data-image-description=\"\" data-image-caption=\"\" data-large-file=\"https:\/\/i0.wp.com\/terapiadaaprendizagemcriativa.org\/wp-content\/uploads\/2024\/05\/image_editor_output_image-468105018-17170367402612240613514560521207.jpg?fit=1024%2C720&amp;ssl=1\" src=\"https:\/\/i0.wp.com\/terapiadaaprendizagemcriativa.org\/wp-content\/uploads\/2024\/05\/image_editor_output_image-468105018-17170367402612240613514560521207.jpg?resize=1349%2C949&#038;ssl=1\" alt=\"\" class=\"wp-image-413\" \/><\/figure>\n","protected":false},"excerpt":{"rendered":"<p>Dia 28 \u00e9 o Dia do Brincar! E n\u00e3o podia ser diferente&#8230; Ent\u00e3o, comemoramos com os integrantes da RBAC. Olha que lindas atividades utilizadas em sala de aula, mas que podem ser utilizadas como interven\u00e7\u00f5es terap\u00eauticas na escola ou na cl\u00ednica terap\u00eautica. Essas atividades foram criadas pelas professoras Soraya Lacerda e Daniela Lyra &#8211; Educadoras [&hellip;]<\/p>\n","protected":false},"author":244867751,"featured_media":0,"parent":0,"menu_order":0,"comment_status":"closed","ping_status":"closed","template":"","meta":{"_crdt_document":"","footnotes":""},"class_list":["post-408","page","type-page","status-publish","hentry"],"yoast_head":"<!-- This site is optimized with the Yoast SEO plugin v27.6 - https:\/\/yoast.com\/product\/yoast-seo-wordpress\/ -->\n<title>Interven\u00e7\u00f5es terap\u00eauticas - terapiadaaprendizagemcriativa.org<\/title>\n<meta name=\"robots\" content=\"index, follow, max-snippet:-1, max-image-preview:large, max-video-preview:-1\" \/>\n<link rel=\"canonical\" href=\"https:\/\/terapiadaaprendizagemcriativa.org\/?page_id=408\" \/>\n<meta property=\"og:locale\" content=\"pt_BR\" \/>\n<meta property=\"og:type\" content=\"article\" \/>\n<meta property=\"og:title\" content=\"Interven\u00e7\u00f5es terap\u00eauticas - terapiadaaprendizagemcriativa.org\" \/>\n<meta property=\"og:description\" content=\"Dia 28 \u00e9 o Dia do Brincar! E n\u00e3o podia ser diferente&#8230; Ent\u00e3o, comemoramos com os integrantes da RBAC. Olha que lindas atividades utilizadas em sala de aula, mas que podem ser utilizadas como interven\u00e7\u00f5es terap\u00eauticas na escola ou na cl\u00ednica terap\u00eautica. Essas atividades foram criadas pelas professoras Soraya Lacerda e Daniela Lyra &#8211; Educadoras [&hellip;]\" \/>\n<meta property=\"og:url\" content=\"https:\/\/terapiadaaprendizagemcriativa.org\/?page_id=408\" \/>\n<meta property=\"og:site_name\" content=\"terapiadaaprendizagemcriativa.org\" \/>\n<meta property=\"article:modified_time\" content=\"2024-10-10T03:13:58+00:00\" \/>\n<meta property=\"og:image\" content=\"https:\/\/terapiadaaprendizagemcriativa.org\/wp-content\/uploads\/2024\/05\/20240528_195241349525859225899460.jpg?w=1024\" \/>\n<meta name=\"twitter:card\" content=\"summary_large_image\" \/>\n<meta name=\"twitter:label1\" content=\"Est. tempo de leitura\" \/>\n\t<meta name=\"twitter:data1\" content=\"1 minuto\" \/>\n<script type=\"application\/ld+json\" class=\"yoast-schema-graph\">{\"@context\":\"https:\\\/\\\/schema.org\",\"@graph\":[{\"@type\":\"WebPage\",\"@id\":\"https:\\\/\\\/terapiadaaprendizagemcriativa.org\\\/?page_id=408\",\"url\":\"https:\\\/\\\/terapiadaaprendizagemcriativa.org\\\/?page_id=408\",\"name\":\"Interven\u00e7\u00f5es terap\u00eauticas - terapiadaaprendizagemcriativa.org\",\"isPartOf\":{\"@id\":\"https:\\\/\\\/terapiadaaprendizagemcriativa.org\\\/#website\"},\"primaryImageOfPage\":{\"@id\":\"https:\\\/\\\/terapiadaaprendizagemcriativa.org\\\/?page_id=408#primaryimage\"},\"image\":{\"@id\":\"https:\\\/\\\/terapiadaaprendizagemcriativa.org\\\/?page_id=408#primaryimage\"},\"thumbnailUrl\":\"https:\\\/\\\/terapiadaaprendizagemcriativa.org\\\/wp-content\\\/uploads\\\/2024\\\/05\\\/20240528_195241349525859225899460.jpg?w=1024\",\"datePublished\":\"2024-05-29T23:16:59+00:00\",\"dateModified\":\"2024-10-10T03:13:58+00:00\",\"breadcrumb\":{\"@id\":\"https:\\\/\\\/terapiadaaprendizagemcriativa.org\\\/?page_id=408#breadcrumb\"},\"inLanguage\":\"pt-BR\",\"potentialAction\":[{\"@type\":\"ReadAction\",\"target\":[\"https:\\\/\\\/terapiadaaprendizagemcriativa.org\\\/?page_id=408\"]}]},{\"@type\":\"ImageObject\",\"inLanguage\":\"pt-BR\",\"@id\":\"https:\\\/\\\/terapiadaaprendizagemcriativa.org\\\/?page_id=408#primaryimage\",\"url\":\"https:\\\/\\\/terapiadaaprendizagemcriativa.org\\\/wp-content\\\/uploads\\\/2024\\\/05\\\/20240528_195241349525859225899460.jpg?w=1024\",\"contentUrl\":\"https:\\\/\\\/terapiadaaprendizagemcriativa.org\\\/wp-content\\\/uploads\\\/2024\\\/05\\\/20240528_195241349525859225899460.jpg?w=1024\"},{\"@type\":\"BreadcrumbList\",\"@id\":\"https:\\\/\\\/terapiadaaprendizagemcriativa.org\\\/?page_id=408#breadcrumb\",\"itemListElement\":[{\"@type\":\"ListItem\",\"position\":1,\"name\":\"In\u00edcio\",\"item\":\"https:\\\/\\\/terapiadaaprendizagemcriativa.org\\\/\"},{\"@type\":\"ListItem\",\"position\":2,\"name\":\"Interven\u00e7\u00f5es terap\u00eauticas\"}]},{\"@type\":\"WebSite\",\"@id\":\"https:\\\/\\\/terapiadaaprendizagemcriativa.org\\\/#website\",\"url\":\"https:\\\/\\\/terapiadaaprendizagemcriativa.org\\\/\",\"name\":\"terapiadaaprendizagemcriativa.org\",\"description\":\"2024@Copyrigth - Claudia Fernandes Nunes de Menezes \",\"publisher\":{\"@id\":\"https:\\\/\\\/terapiadaaprendizagemcriativa.org\\\/#organization\"},\"potentialAction\":[{\"@type\":\"SearchAction\",\"target\":{\"@type\":\"EntryPoint\",\"urlTemplate\":\"https:\\\/\\\/terapiadaaprendizagemcriativa.org\\\/?s={search_term_string}\"},\"query-input\":{\"@type\":\"PropertyValueSpecification\",\"valueRequired\":true,\"valueName\":\"search_term_string\"}}],\"inLanguage\":\"pt-BR\"},{\"@type\":\"Organization\",\"@id\":\"https:\\\/\\\/terapiadaaprendizagemcriativa.org\\\/#organization\",\"name\":\"terapiadaaprendizagemcriativa.org\",\"url\":\"https:\\\/\\\/terapiadaaprendizagemcriativa.org\\\/\",\"logo\":{\"@type\":\"ImageObject\",\"inLanguage\":\"pt-BR\",\"@id\":\"https:\\\/\\\/terapiadaaprendizagemcriativa.org\\\/#\\\/schema\\\/logo\\\/image\\\/\",\"url\":\"https:\\\/\\\/terapiadaaprendizagemcriativa.org\\\/wp-content\\\/uploads\\\/2024\\\/11\\\/cropped-fulllogo-2.png\",\"contentUrl\":\"https:\\\/\\\/terapiadaaprendizagemcriativa.org\\\/wp-content\\\/uploads\\\/2024\\\/11\\\/cropped-fulllogo-2.png\",\"width\":573,\"height\":573,\"caption\":\"terapiadaaprendizagemcriativa.org\"},\"image\":{\"@id\":\"https:\\\/\\\/terapiadaaprendizagemcriativa.org\\\/#\\\/schema\\\/logo\\\/image\\\/\"}}]}<\/script>\n<!-- \/ Yoast SEO plugin. -->","yoast_head_json":{"title":"Interven\u00e7\u00f5es terap\u00eauticas - terapiadaaprendizagemcriativa.org","robots":{"index":"index","follow":"follow","max-snippet":"max-snippet:-1","max-image-preview":"max-image-preview:large","max-video-preview":"max-video-preview:-1"},"canonical":"https:\/\/terapiadaaprendizagemcriativa.org\/?page_id=408","og_locale":"pt_BR","og_type":"article","og_title":"Interven\u00e7\u00f5es terap\u00eauticas - terapiadaaprendizagemcriativa.org","og_description":"Dia 28 \u00e9 o Dia do Brincar! E n\u00e3o podia ser diferente&#8230; Ent\u00e3o, comemoramos com os integrantes da RBAC. Olha que lindas atividades utilizadas em sala de aula, mas que podem ser utilizadas como interven\u00e7\u00f5es terap\u00eauticas na escola ou na cl\u00ednica terap\u00eautica. Essas atividades foram criadas pelas professoras Soraya Lacerda e Daniela Lyra &#8211; Educadoras [&hellip;]","og_url":"https:\/\/terapiadaaprendizagemcriativa.org\/?page_id=408","og_site_name":"terapiadaaprendizagemcriativa.org","article_modified_time":"2024-10-10T03:13:58+00:00","og_image":[{"url":"https:\/\/terapiadaaprendizagemcriativa.org\/wp-content\/uploads\/2024\/05\/20240528_195241349525859225899460.jpg?w=1024","type":"","width":"","height":""}],"twitter_card":"summary_large_image","twitter_misc":{"Est. tempo de leitura":"1 minuto"},"schema":{"@context":"https:\/\/schema.org","@graph":[{"@type":"WebPage","@id":"https:\/\/terapiadaaprendizagemcriativa.org\/?page_id=408","url":"https:\/\/terapiadaaprendizagemcriativa.org\/?page_id=408","name":"Interven\u00e7\u00f5es terap\u00eauticas - terapiadaaprendizagemcriativa.org","isPartOf":{"@id":"https:\/\/terapiadaaprendizagemcriativa.org\/#website"},"primaryImageOfPage":{"@id":"https:\/\/terapiadaaprendizagemcriativa.org\/?page_id=408#primaryimage"},"image":{"@id":"https:\/\/terapiadaaprendizagemcriativa.org\/?page_id=408#primaryimage"},"thumbnailUrl":"https:\/\/terapiadaaprendizagemcriativa.org\/wp-content\/uploads\/2024\/05\/20240528_195241349525859225899460.jpg?w=1024","datePublished":"2024-05-29T23:16:59+00:00","dateModified":"2024-10-10T03:13:58+00:00","breadcrumb":{"@id":"https:\/\/terapiadaaprendizagemcriativa.org\/?page_id=408#breadcrumb"},"inLanguage":"pt-BR","potentialAction":[{"@type":"ReadAction","target":["https:\/\/terapiadaaprendizagemcriativa.org\/?page_id=408"]}]},{"@type":"ImageObject","inLanguage":"pt-BR","@id":"https:\/\/terapiadaaprendizagemcriativa.org\/?page_id=408#primaryimage","url":"https:\/\/terapiadaaprendizagemcriativa.org\/wp-content\/uploads\/2024\/05\/20240528_195241349525859225899460.jpg?w=1024","contentUrl":"https:\/\/terapiadaaprendizagemcriativa.org\/wp-content\/uploads\/2024\/05\/20240528_195241349525859225899460.jpg?w=1024"},{"@type":"BreadcrumbList","@id":"https:\/\/terapiadaaprendizagemcriativa.org\/?page_id=408#breadcrumb","itemListElement":[{"@type":"ListItem","position":1,"name":"In\u00edcio","item":"https:\/\/terapiadaaprendizagemcriativa.org\/"},{"@type":"ListItem","position":2,"name":"Interven\u00e7\u00f5es terap\u00eauticas"}]},{"@type":"WebSite","@id":"https:\/\/terapiadaaprendizagemcriativa.org\/#website","url":"https:\/\/terapiadaaprendizagemcriativa.org\/","name":"terapiadaaprendizagemcriativa.org","description":"2024@Copyrigth - Claudia Fernandes Nunes de Menezes ","publisher":{"@id":"https:\/\/terapiadaaprendizagemcriativa.org\/#organization"},"potentialAction":[{"@type":"SearchAction","target":{"@type":"EntryPoint","urlTemplate":"https:\/\/terapiadaaprendizagemcriativa.org\/?s={search_term_string}"},"query-input":{"@type":"PropertyValueSpecification","valueRequired":true,"valueName":"search_term_string"}}],"inLanguage":"pt-BR"},{"@type":"Organization","@id":"https:\/\/terapiadaaprendizagemcriativa.org\/#organization","name":"terapiadaaprendizagemcriativa.org","url":"https:\/\/terapiadaaprendizagemcriativa.org\/","logo":{"@type":"ImageObject","inLanguage":"pt-BR","@id":"https:\/\/terapiadaaprendizagemcriativa.org\/#\/schema\/logo\/image\/","url":"https:\/\/terapiadaaprendizagemcriativa.org\/wp-content\/uploads\/2024\/11\/cropped-fulllogo-2.png","contentUrl":"https:\/\/terapiadaaprendizagemcriativa.org\/wp-content\/uploads\/2024\/11\/cropped-fulllogo-2.png","width":573,"height":573,"caption":"terapiadaaprendizagemcriativa.org"},"image":{"@id":"https:\/\/terapiadaaprendizagemcriativa.org\/#\/schema\/logo\/image\/"}}]}},"jetpack_likes_enabled":true,"jetpack_sharing_enabled":true,"jetpack_shortlink":"https:\/\/wp.me\/PfpTyQ-6A","_links":{"self":[{"href":"https:\/\/terapiadaaprendizagemcriativa.org\/index.php?rest_route=\/wp\/v2\/pages\/408","targetHints":{"allow":["GET"]}}],"collection":[{"href":"https:\/\/terapiadaaprendizagemcriativa.org\/index.php?rest_route=\/wp\/v2\/pages"}],"about":[{"href":"https:\/\/terapiadaaprendizagemcriativa.org\/index.php?rest_route=\/wp\/v2\/types\/page"}],"author":[{"embeddable":true,"href":"https:\/\/terapiadaaprendizagemcriativa.org\/index.php?rest_route=\/wp\/v2\/users\/244867751"}],"replies":[{"embeddable":true,"href":"https:\/\/terapiadaaprendizagemcriativa.org\/index.php?rest_route=%2Fwp%2Fv2%2Fcomments&post=408"}],"version-history":[{"count":4,"href":"https:\/\/terapiadaaprendizagemcriativa.org\/index.php?rest_route=\/wp\/v2\/pages\/408\/revisions"}],"predecessor-version":[{"id":821,"href":"https:\/\/terapiadaaprendizagemcriativa.org\/index.php?rest_route=\/wp\/v2\/pages\/408\/revisions\/821"}],"wp:attachment":[{"href":"https:\/\/terapiadaaprendizagemcriativa.org\/index.php?rest_route=%2Fwp%2Fv2%2Fmedia&parent=408"}],"curies":[{"name":"wp","href":"https:\/\/api.w.org\/{rel}","templated":true}]}}